{"id":2,"date":"2020-11-17T21:59:29","date_gmt":"2020-11-17T20:59:29","guid":{"rendered":"http:\/\/jstec.de\/?page_id=2"},"modified":"2021-10-28T00:55:52","modified_gmt":"2021-10-27T22:55:52","slug":"beispiel-seite","status":"publish","type":"page","link":"https:\/\/jstec.de\/","title":{"rendered":"Elektrotechnik Ma\u00dfgeschneidert #Smart Home"},"content":{"rendered":"\n<ul><li><strong>Photovoltaikanlagen<\/strong><\/li><li><strong>e-Mobilit\u00e4t<\/strong><\/li><li><strong>Elektro Umbauten<\/strong><\/li><li><strong>Pr\u00fcfung und Abnahme von Elektrotechnischen Anlagen<\/strong><\/li><li><strong>Wiederholungspr\u00fcfung von Anlagen auch E-Check genannt<\/strong><\/li><li><strong>Smart Home<\/strong><\/li><li><strong>Loxone Smart Home<\/strong><\/li><li><strong>Ger\u00e4tereparatur<\/strong><\/li><li><strong>DGUV V3 Pr\u00fcfung<\/strong><\/li><li><strong>Energie Effizienz Beratung<\/strong><\/li><li><strong>Lichtplanung und Beratung<\/strong><\/li><li><strong>Baustrom<\/strong><\/li><li><strong>SAT Technik<\/strong><\/li><li><strong>Netzwerktechnik<\/strong><\/li><li><strong>PC Service<\/strong><\/li><li><strong>Multimedia<\/strong><\/li><li><strong>SPS Programmierung<\/strong><\/li><li><strong>Bus Systeme (KNX, EIB, CAN, DMX)<\/strong><\/li><\/ul>\n\n\n\n<p>Wir sind ein mittelst\u00e4ndischer Handwerksbetrieb im Nebenerwerb. Daher sind wir leider nicht rund um die Uhr f\u00fcr Sie erreichbar. Wir tun aber unser bestes um Ihre Elektroinstallation bestm\u00f6glichst mit Ihnen zu planen und auszuf\u00fchren.<\/p>\n\n\n\n<p>Unsere B\u00fcrozeiten sind Montag bis Freitag<br>16:00 &#8211; 20:00 Uhr<br>Samstag ganztags<\/p>\n\n\n\n<p>Telefon: 0176\/82470249<br>Mail: info@jstec.de<\/p>\n\n\n\n<p>Ing. Josef Sch\u00f6ll M. Eng.<br>Offenbau 206 b<br>91177 Thalm\u00e4ssing<\/p>\n","protected":false},"excerpt":{"rendered":"<p>Photovoltaikanlagen e-Mobilit\u00e4t Elektro Umbauten Pr\u00fcfung und Abnahme von Elektrotechnischen Anlagen Wiederholungspr\u00fcfung von Anlagen auch E-Check genannt Smart Home Loxone Smart Home Ger\u00e4tereparatur DGUV V3 Pr\u00fcfung Energie Effizienz Beratung Lichtplanung und Beratung Baustrom SAT Technik Netzwerktechnik PC Service Multimedia SPS Programmierung Bus Systeme (KNX, EIB, CAN, DMX) Wir sind ein mittelst\u00e4ndischer Handwerksbetrieb im Nebenerwerb. Daher sind [&hellip;]<\/p>\n","protected":false},"author":1,"featured_media":0,"parent":0,"menu_order":0,"comment_status":"closed","ping_status":"open","template":"","meta":[],"_links":{"self":[{"href":"https:\/\/jstec.de\/index.php\/wp-json\/wp\/v2\/pages\/2"}],"collection":[{"href":"https:\/\/jstec.de\/index.php\/wp-json\/wp\/v2\/pages"}],"about":[{"href":"https:\/\/jstec.de\/index.php\/wp-json\/wp\/v2\/types\/page"}],"author":[{"embeddable":true,"href":"https:\/\/jstec.de\/index.php\/wp-json\/wp\/v2\/users\/1"}],"replies":[{"embeddable":true,"href":"https:\/\/jstec.de\/index.php\/wp-json\/wp\/v2\/comments?post=2"}],"version-history":[{"count":21,"href":"https:\/\/jstec.de\/index.php\/wp-json\/wp\/v2\/pages\/2\/revisions"}],"predecessor-version":[{"id":153,"href":"https:\/\/jstec.de\/index.php\/wp-json\/wp\/v2\/pages\/2\/revisions\/153"}],"wp:attachment":[{"href":"https:\/\/jstec.de\/index.php\/wp-json\/wp\/v2\/media?parent=2"}],"curies":[{"name":"wp","href":"https:\/\/api.w.org\/{rel}","templated":true}]}}